{"id":437,"date":"2024-07-10T16:19:11","date_gmt":"2024-07-10T14:19:11","guid":{"rendered":"http:\/\/lacasadeldetalle.es\/GM24\/?page_id=437"},"modified":"2024-07-24T11:16:03","modified_gmt":"2024-07-24T09:16:03","slug":"bases","status":"publish","type":"page","link":"https:\/\/lacasadeldetalle.es\/GM24\/bases\/","title":{"rendered":"BASES"},"content":{"rendered":"\t\t<div data-elementor-type=\"wp-page\" data-elementor-id=\"437\" class=\"elementor elementor-437\" data-elementor-post-type=\"page\">\n\t\t\t\t\t\t<section class=\"elementor-section elementor-top-section elementor-element elementor-element-7c127a38 elementor-section-boxed elementor-section-height-default elementor-section-height-default\" data-id=\"7c127a38\" data-element_type=\"section\" data-settings=\"{&quot;background_background&quot;:&quot;classic&quot;,&quot;shape_divider_bottom&quot;:&quot;tilt&quot;}\">\n\t\t\t\t\t\t\t<div class=\"elementor-background-overlay\"><\/div>\n\t\t\t\t\t\t<div class=\"elementor-shape elementor-shape-bottom\" data-negative=\"false\">\n\t\t\t<svg xmlns=\"http:\/\/www.w3.org\/2000\/svg\" viewBox=\"0 0 1000 100\" preserveAspectRatio=\"none\">\n\t<path class=\"elementor-shape-fill\" d=\"M0,6V0h1000v100L0,6z\"\/>\n<\/svg>\t\t<\/div>\n\t\t\t\t\t<div class=\"elementor-container elementor-column-gap-default\">\n\t\t\t\t\t<div class=\"elementor-column elementor-col-100 elementor-top-column elementor-element elementor-element-bfadc1a\" data-id=\"bfadc1a\" data-element_type=\"column\">\n\t\t\t<div class=\"elementor-widget-wrap elementor-element-populated\">\n\t\t\t\t\t\t<div class=\"elementor-element elementor-element-53a78280 elementor-widget elementor-widget-heading\" data-id=\"53a78280\" data-element_type=\"widget\" data-widget_type=\"heading.default\">\n\t\t\t\t<div class=\"elementor-widget-container\">\n\t\t\t<h1 class=\"elementor-heading-title elementor-size-default\">BASES<\/h1>\t\t<\/div>\n\t\t\t\t<\/div>\n\t\t\t\t<div class=\"elementor-element elementor-element-4852c80d elementor-widget__width-initial elementor-absolute elementor-widget-mobile__width-initial elementor-widget elementor-widget-image\" data-id=\"4852c80d\" data-element_type=\"widget\" data-settings=\"{&quot;_position&quot;:&quot;absolute&quot;}\" data-widget_type=\"image.default\">\n\t\t\t\t<div class=\"elementor-widget-container\">\n\t\t\t\t\t\t\t\t\t\t\t\t\t<img decoding=\"async\" width=\"183\" height=\"183\" src=\"https:\/\/lacasadeldetalle.es\/GM24\/wp-content\/uploads\/2024\/06\/c4.png\" class=\"attachment-large size-large wp-image-29\" alt=\"\" srcset=\"https:\/\/lacasadeldetalle.es\/GM24\/wp-content\/uploads\/2024\/06\/c4.png 183w, https:\/\/lacasadeldetalle.es\/GM24\/wp-content\/uploads\/2024\/06\/c4-150x150.png 150w\" sizes=\"(max-width: 183px) 100vw, 183px\" \/>\t\t\t\t\t\t\t\t\t\t\t\t\t<\/div>\n\t\t\t\t<\/div>\n\t\t\t\t<div class=\"elementor-element elementor-element-25e07292 elementor-widget__width-initial elementor-absolute elementor-widget-mobile__width-initial elementor-widget elementor-widget-image\" data-id=\"25e07292\" data-element_type=\"widget\" data-settings=\"{&quot;_position&quot;:&quot;absolute&quot;}\" data-widget_type=\"image.default\">\n\t\t\t\t<div class=\"elementor-widget-container\">\n\t\t\t\t\t\t\t\t\t\t\t\t\t<img decoding=\"async\" width=\"184\" height=\"181\" src=\"https:\/\/lacasadeldetalle.es\/GM24\/wp-content\/uploads\/2024\/06\/c3.png\" class=\"attachment-large size-large wp-image-23\" alt=\"\" \/>\t\t\t\t\t\t\t\t\t\t\t\t\t<\/div>\n\t\t\t\t<\/div>\n\t\t\t\t<div class=\"elementor-element elementor-element-7843b16e elementor-widget__width-initial elementor-absolute elementor-widget-mobile__width-initial elementor-widget elementor-widget-image\" data-id=\"7843b16e\" data-element_type=\"widget\" data-settings=\"{&quot;_position&quot;:&quot;absolute&quot;}\" data-widget_type=\"image.default\">\n\t\t\t\t<div class=\"elementor-widget-container\">\n\t\t\t\t\t\t\t\t\t\t\t\t\t<img fetchpriority=\"high\" decoding=\"async\" width=\"324\" height=\"287\" src=\"https:\/\/lacasadeldetalle.es\/GM24\/wp-content\/uploads\/2024\/06\/edge.png\" class=\"attachment-large size-large wp-image-24\" alt=\"\" srcset=\"https:\/\/lacasadeldetalle.es\/GM24\/wp-content\/uploads\/2024\/06\/edge.png 324w, https:\/\/lacasadeldetalle.es\/GM24\/wp-content\/uploads\/2024\/06\/edge-300x266.png 300w\" sizes=\"(max-width: 324px) 100vw, 324px\" \/>\t\t\t\t\t\t\t\t\t\t\t\t\t<\/div>\n\t\t\t\t<\/div>\n\t\t\t\t\t<\/div>\n\t\t<\/div>\n\t\t\t\t\t<\/div>\n\t\t<\/section>\n\t\t\t\t<section class=\"elementor-section elementor-top-section elementor-element elementor-element-508e2e10 elementor-section-boxed elementor-section-height-default elementor-section-height-default\" data-id=\"508e2e10\" data-element_type=\"section\" data-settings=\"{&quot;background_background&quot;:&quot;classic&quot;}\">\n\t\t\t\t\t\t<div class=\"elementor-container elementor-column-gap-default\">\n\t\t\t\t\t<div class=\"elementor-column elementor-col-50 elementor-top-column elementor-element elementor-element-28514f16\" data-id=\"28514f16\" data-element_type=\"column\" data-settings=\"{&quot;background_background&quot;:&quot;classic&quot;}\">\n\t\t\t<div class=\"elementor-widget-wrap elementor-element-populated\">\n\t\t\t\t\t\t<div class=\"elementor-element elementor-element-1939baab elementor-widget elementor-widget-spacer\" data-id=\"1939baab\" data-element_type=\"widget\" data-widget_type=\"spacer.default\">\n\t\t\t\t<div class=\"elementor-widget-container\">\n\t\t\t\t\t<div class=\"elementor-spacer\">\n\t\t\t<div class=\"elementor-spacer-inner\"><\/div>\n\t\t<\/div>\n\t\t\t\t<\/div>\n\t\t\t\t<\/div>\n\t\t\t\t<div class=\"elementor-element elementor-element-73916628 elementor-widget__width-initial elementor-absolute elementor-widget-tablet__width-initial elementor-widget-mobile__width-initial elementor-widget elementor-widget-image\" data-id=\"73916628\" data-element_type=\"widget\" data-settings=\"{&quot;_position&quot;:&quot;absolute&quot;}\" data-widget_type=\"image.default\">\n\t\t\t\t<div class=\"elementor-widget-container\">\n\t\t\t\t\t\t\t\t\t\t\t\t\t<img decoding=\"async\" width=\"184\" height=\"181\" src=\"https:\/\/lacasadeldetalle.es\/GM24\/wp-content\/uploads\/2024\/06\/c3.png\" class=\"attachment-large size-large wp-image-23\" alt=\"\" \/>\t\t\t\t\t\t\t\t\t\t\t\t\t<\/div>\n\t\t\t\t<\/div>\n\t\t\t\t\t<\/div>\n\t\t<\/div>\n\t\t\t\t<div class=\"elementor-column elementor-col-50 elementor-top-column elementor-element elementor-element-77063d37\" data-id=\"77063d37\" data-element_type=\"column\" data-settings=\"{&quot;background_background&quot;:&quot;classic&quot;}\">\n\t\t\t<div class=\"elementor-widget-wrap elementor-element-populated\">\n\t\t\t\t\t\t<div class=\"elementor-element elementor-element-16ca36c7 elementor-widget elementor-widget-text-editor\" data-id=\"16ca36c7\" data-element_type=\"widget\" data-widget_type=\"text-editor.default\">\n\t\t\t\t<div class=\"elementor-widget-container\">\n\t\t\t\t\t\t\t<p><strong><span style=\"text-decoration: underline;\"><em>1<\/em><\/span>La Inscripci\u00f3n<\/strong> de los grupos participantes se formalizar\u00e1 en las dependencias del \u00c1rea e Juventud &#8211; Informaci\u00f3n Juvenil, Consejer\u00eda e Educaci\u00f3n, Juventud y Deporte, c\/ Marqu\u00e9s de los V\u00e9lez n\u00ba25, primera planta (OIAC Inustrial) en horario de 09:00h. a 14:00., y <strong>deber\u00e1 ser rellenada en su totalidad y firmada, acompa\u00f1\u00e1ndola de la fotocopia de DNI o TR<\/strong> en vigor y de una <strong>fotograf\u00eda tama\u00f1o carnet<\/strong> de cada uno de los integrantes del grupo, <strong>Los menores de edad deber\u00e1n contar con la autorizaci\u00f3n del padre, madre o tutor legal<\/strong> para participar en la actividad. La falta de alg\u00fan dato en la inscripci\u00f3n ser\u00e1 motivo de expulsi\u00f3n..<\/p>\t\t\t\t\t\t<\/div>\n\t\t\t\t<\/div>\n\t\t\t\t\t<\/div>\n\t\t<\/div>\n\t\t\t\t\t<\/div>\n\t\t<\/section>\n\t\t\t\t<section class=\"elementor-section elementor-top-section elementor-element elementor-element-4320789c elementor-section-boxed elementor-section-height-default elementor-section-height-default\" data-id=\"4320789c\" data-element_type=\"section\" data-settings=\"{&quot;background_background&quot;:&quot;classic&quot;}\">\n\t\t\t\t\t\t<div class=\"elementor-container elementor-column-gap-default\">\n\t\t\t\t\t<div class=\"elementor-column elementor-col-100 elementor-top-column elementor-element elementor-element-2fe2448e\" data-id=\"2fe2448e\" data-element_type=\"column\">\n\t\t\t<div class=\"elementor-widget-wrap elementor-element-populated\">\n\t\t\t\t\t\t<div class=\"elementor-element elementor-element-5fdcf2c5 elementor-widget elementor-widget-text-editor\" data-id=\"5fdcf2c5\" data-element_type=\"widget\" data-widget_type=\"text-editor.default\">\n\t\t\t\t<div class=\"elementor-widget-container\">\n\t\t\t\t\t\t\t<p><em><strong>2<\/strong> <\/em><strong>El n\u00famero m\u00e1ximo de grupos inscritos ser\u00e1 de 12<\/strong>, por lo que la selecci\u00f3n ser\u00e1 por orden de inscripci\u00f3n e los mismos.<\/p>\n<p><em><strong>3<\/strong> <\/em>Cada equipo determinar\u00e1 un nombre que lo identifique, no admiti\u00e9ndose nombres ofensivos u obscenos bajo criterio e la organizaci\u00f3n.<\/p>\n<p><em><strong>4<\/strong><\/em> Podr\u00e1n participar<strong> to@s los j\u00f3venes residentes en Melilla<\/strong> con edades comprendidas entre los <strong>16 y 35 a\u00f1os<\/strong> en el momento de prestar la solicitud.<\/p>\n<p><em><strong>5<\/strong><\/em> Cada grupo estar\u00e1 compuesto por un <strong>m\u00ednimo de 5 y un m\u00e1ximo de 10 miembros de los cuales 8 son titulares y 2 suplentes<\/strong>, procurando conseguir la paridad entre ellos, es decir, igual n\u00famero de participantes femeninos que masculinos, Ser\u00e1 <strong>OBLIGATORIO<\/strong> que el <strong>capitan\/a el equipo sea mayor e 18 a\u00f1os<\/strong> en el momento de su inscripci\u00f3n en la actividad.<\/p>\n<p><em><strong>6<\/strong> <\/em>Para participar en la Gran Movida ser\u00e1 <strong>importante que los equipos dispongan de un medio de grabaci\u00f3n<\/strong> (C\u00e1mara de video, m\u00f3vil&#8230;) y de un ordenaor para las pruebas que lo requieran.<\/p>\n<p><strong><em>7<\/em> La puntuaci\u00f3n ser\u00e1 variable en funci\u00f3n de la dificultad de cada una de las pruebas<\/strong>, bajo criterio de la organizaci\u00f3n.<\/p>\n<p><em><strong>8<\/strong><\/em> <strong>La organizaci\u00f3n se reserva el derecho de sanci\u00f3n de puntos o expulsi\u00f3n de grupo<\/strong>, en caso de incumplir las normas del concurso que ser\u00e1n de obligado cumplimiento para todos los equipos participantes.<\/p>\n<p><em><strong>9<\/strong><\/em> Los premios estar\u00e1 sujetos a las retenciones fiscales correspondientes, en caso de ser necesarias.<\/p>\t\t\t\t\t\t<\/div>\n\t\t\t\t<\/div>\n\t\t\t\t\t<\/div>\n\t\t<\/div>\n\t\t\t\t\t<\/div>\n\t\t<\/section>\n\t\t\t\t<\/div>\n\t\t","protected":false},"excerpt":{"rendered":"<p>BASES 1La Inscripci\u00f3n de los grupos participantes se formalizar\u00e1 en las dependencias del \u00c1rea e Juventud &#8211; Informaci\u00f3n Juvenil, Consejer\u00eda e Educaci\u00f3n, Juventud y Deporte, c\/ Marqu\u00e9s de los V\u00e9lez n\u00ba25, primera planta (OIAC Inustrial) en horario de 09:00h. a 14:00., y deber\u00e1 ser rellenada en su totalidad y firmada, acompa\u00f1\u00e1ndola de la fotocopia de [&hellip;]<\/p>\n","protected":false},"author":1,"featured_media":0,"parent":0,"menu_order":0,"comment_status":"closed","ping_status":"closed","template":"elementor_header_footer","meta":{"footnotes":""},"class_list":["post-437","page","type-page","status-publish","hentry"],"_links":{"self":[{"href":"https:\/\/lacasadeldetalle.es\/GM24\/wp-json\/wp\/v2\/pages\/437","targetHints":{"allow":["GET"]}}],"collection":[{"href":"https:\/\/lacasadeldetalle.es\/GM24\/wp-json\/wp\/v2\/pages"}],"about":[{"href":"https:\/\/lacasadeldetalle.es\/GM24\/wp-json\/wp\/v2\/types\/page"}],"author":[{"embeddable":true,"href":"https:\/\/lacasadeldetalle.es\/GM24\/wp-json\/wp\/v2\/users\/1"}],"replies":[{"embeddable":true,"href":"https:\/\/lacasadeldetalle.es\/GM24\/wp-json\/wp\/v2\/comments?post=437"}],"version-history":[{"count":10,"href":"https:\/\/lacasadeldetalle.es\/GM24\/wp-json\/wp\/v2\/pages\/437\/revisions"}],"predecessor-version":[{"id":511,"href":"https:\/\/lacasadeldetalle.es\/GM24\/wp-json\/wp\/v2\/pages\/437\/revisions\/511"}],"wp:attachment":[{"href":"https:\/\/lacasadeldetalle.es\/GM24\/wp-json\/wp\/v2\/media?parent=437"}],"curies":[{"name":"wp","href":"https:\/\/api.w.org\/{rel}","templated":true}]}}